{"id":2727,"date":"2023-12-17T22:30:48","date_gmt":"2023-12-18T01:30:48","guid":{"rendered":"https:\/\/www.tesra.cl\/?page_id=2727"},"modified":"2023-12-17T22:42:48","modified_gmt":"2023-12-18T01:42:48","slug":"noticias","status":"publish","type":"page","link":"https:\/\/www.tesra.cl\/index.php\/noticias\/","title":{"rendered":"Noticias"},"content":{"rendered":"\t\t<div data-elementor-type=\"wp-page\" data-elementor-id=\"2727\" class=\"elementor elementor-2727\" data-elementor-post-type=\"page\">\n\t\t\t\t\t\t<section class=\"elementor-section elementor-top-section elementor-element elementor-element-c34ee73 elementor-section-boxed elementor-section-height-default elementor-section-height-default\" data-id=\"c34ee73\" data-element_type=\"section\">\n\t\t\t\t\t\t\t<div class=\"elementor-background-overlay\"><\/div>\n\t\t\t\t\t\t\t<div class=\"elementor-container elementor-column-gap-default\">\n\t\t\t\t\t<div class=\"elementor-column elementor-col-100 elementor-top-column elementor-element elementor-element-358d521\" data-id=\"358d521\" data-element_type=\"column\">\n\t\t\t<div class=\"elementor-widget-wrap elementor-element-populated\">\n\t\t\t\t\t\t<div class=\"elementor-element elementor-element-24596fa elementor-widget elementor-widget-heading\" data-id=\"24596fa\" data-element_type=\"widget\" data-widget_type=\"heading.default\">\n\t\t\t\t<div class=\"elementor-widget-container\">\n\t\t\t\t\t<h2 class=\"elementor-heading-title elementor-size-default\">Noticias<\/h2>\t\t\t\t<\/div>\n\t\t\t\t<\/div>\n\t\t\t\t<div class=\"elementor-element elementor-element-5ed0fc9 elementor-widget elementor-widget-heading\" data-id=\"5ed0fc9\" data-element_type=\"widget\" data-widget_type=\"heading.default\">\n\t\t\t\t<div class=\"elementor-widget-container\">\n\t\t\t\t\t<h2 class=\"elementor-heading-title elementor-size-default\">Hitos m\u00e1s importantes<\/h2>\t\t\t\t<\/div>\n\t\t\t\t<\/div>\n\t\t\t\t<div class=\"elementor-element elementor-element-e1bd77e elementor-widget elementor-widget-text-editor\" data-id=\"e1bd77e\" data-element_type=\"widget\" data-widget_type=\"text-editor.default\">\n\t\t\t\t<div class=\"elementor-widget-container\">\n\t\t\t\t\t\t\t\t\t<p>Explora los logros m\u00e1s destacados de nuestra empresa en la secci\u00f3n de noticias y destacados.<\/p>\t\t\t\t\t\t\t\t<\/div>\n\t\t\t\t<\/div>\n\t\t\t\t<section class=\"elementor-section elementor-inner-section elementor-element elementor-element-7ad8257 animated-slow elementor-section-boxed elementor-section-height-default elementor-section-height-default elementor-invisible\" data-id=\"7ad8257\" data-element_type=\"section\" data-settings=\"{&quot;animation&quot;:&quot;fadeInUp&quot;}\">\n\t\t\t\t\t\t<div class=\"elementor-container elementor-column-gap-no\">\n\t\t\t\t\t<div class=\"elementor-column elementor-col-100 elementor-inner-column elementor-element elementor-element-dd62d47\" data-id=\"dd62d47\" data-element_type=\"column\">\n\t\t\t<div class=\"elementor-widget-wrap elementor-element-populated\">\n\t\t\t\t\t\t<div class=\"elementor-element elementor-element-549bb9e elementor-widget elementor-widget-jkit_post_block\" data-id=\"549bb9e\" data-element_type=\"widget\" data-widget_type=\"jkit_post_block.default\">\n\t\t\t\t<div class=\"elementor-widget-container\">\n\t\t\t\t\t<div  class=\"jeg-elementor-kit jkit-postblock postblock-type-3 jkit-pagination-disable post-element jeg_module___69f47d4b65b79\"  data-id=\"jeg_module___69f47d4b65b79\" data-settings=\"{&quot;post_type&quot;:&quot;post&quot;,&quot;number_post&quot;:{&quot;unit&quot;:&quot;px&quot;,&quot;size&quot;:3,&quot;sizes&quot;:[]},&quot;post_offset&quot;:0,&quot;unique_content&quot;:&quot;disable&quot;,&quot;include_post&quot;:&quot;&quot;,&quot;exclude_post&quot;:&quot;&quot;,&quot;include_category&quot;:&quot;&quot;,&quot;exclude_category&quot;:&quot;&quot;,&quot;include_author&quot;:&quot;&quot;,&quot;include_tag&quot;:&quot;&quot;,&quot;exclude_tag&quot;:&quot;&quot;,&quot;category&quot;:&quot;&quot;,&quot;post_tag&quot;:&quot;&quot;,&quot;elementor_library_category&quot;:&quot;&quot;,&quot;sort_by&quot;:&quot;latest&quot;,&quot;pagination_mode&quot;:&quot;disable&quot;,&quot;pagination_loadmore_text&quot;:&quot;Load More&quot;,&quot;pagination_loading_text&quot;:&quot;Loading...&quot;,&quot;pagination_number_post&quot;:{&quot;unit&quot;:&quot;px&quot;,&quot;size&quot;:3,&quot;sizes&quot;:[]},&quot;pagination_scroll_limit&quot;:0,&quot;pagination_icon&quot;:{&quot;value&quot;:&quot;&quot;,&quot;library&quot;:&quot;&quot;},&quot;pagination_icon_position&quot;:&quot;before&quot;,&quot;st_category_position&quot;:&quot;left&quot;,&quot;sg_content_postblock_type&quot;:&quot;type-3&quot;,&quot;sg_content_element_order&quot;:&quot;title,meta,excerpt,read&quot;,&quot;sg_content_breakpoint&quot;:&quot;tablet&quot;,&quot;sg_content_title_html_tag&quot;:&quot;h4&quot;,&quot;sg_content_category_enable&quot;:&quot;yes&quot;,&quot;sg_content_excerpt_enable&quot;:&quot;yes&quot;,&quot;sg_content_excerpt_length&quot;:{&quot;unit&quot;:&quot;px&quot;,&quot;size&quot;:25,&quot;sizes&quot;:[]},&quot;sg_content_excerpt_more&quot;:&quot;...&quot;,&quot;sg_content_readmore_enable&quot;:&quot;yes&quot;,&quot;sg_content_readmore_icon&quot;:{&quot;value&quot;:&quot;jki jki-right-arrow-7&quot;,&quot;library&quot;:&quot;jkiticon&quot;},&quot;sg_content_readmore_icon_position&quot;:&quot;after&quot;,&quot;sg_content_readmore_text&quot;:&quot;Ver Noticia Completa&quot;,&quot;sg_content_comment_enable&quot;:&quot;&quot;,&quot;sg_content_comment_icon&quot;:{&quot;value&quot;:&quot;fas fa-comment&quot;,&quot;library&quot;:&quot;fa-solid&quot;},&quot;sg_content_comment_icon_position&quot;:&quot;before&quot;,&quot;sg_content_meta_enable&quot;:&quot;&quot;,&quot;sg_content_meta_author_enable&quot;:&quot;&quot;,&quot;sg_content_meta_author_by_text&quot;:&quot;by&quot;,&quot;sg_content_meta_author_icon&quot;:{&quot;value&quot;:&quot;fas fa-user&quot;,&quot;library&quot;:&quot;fa-solid&quot;},&quot;sg_content_meta_author_icon_position&quot;:&quot;before&quot;,&quot;sg_content_meta_date_enable&quot;:&quot;&quot;,&quot;sg_content_meta_date_type&quot;:&quot;published&quot;,&quot;sg_content_meta_date_format&quot;:&quot;default&quot;,&quot;sg_content_meta_date_format_custom&quot;:&quot;F j, Y&quot;,&quot;sg_content_meta_date_icon&quot;:{&quot;value&quot;:&quot;fas fa-clock&quot;,&quot;library&quot;:&quot;fa-solid&quot;},&quot;sg_content_meta_date_icon_position&quot;:&quot;before&quot;,&quot;sg_content_image_size_imagesize_size&quot;:&quot;full&quot;,&quot;paged&quot;:1,&quot;class&quot;:&quot;jkit_post_block&quot;}\"><div class=\"jkit-block-container\"><div class=\"jkit-posts jkit-ajax-flag\">\n            <article class=\"jkit-post post-3561 post type-post status-publish format-standard has-post-thumbnail hentry category-noticias\">\n                    <div class=\"jkit-thumb\"><a aria-label=\"20 A\u00f1os Trascendiendo en la Industria Minera\" href=\"https:\/\/www.tesra.cl\/index.php\/2025\/05\/24\/20-anos-trascendiendo-en-la-industria-minera\/\"><div class=\"thumbnail-container \">\n            <img loading=\"lazy\" decoding=\"async\" width=\"1024\" height=\"768\" src=\"https:\/\/www.tesra.cl\/wp-content\/uploads\/2025\/05\/portadaAntofagasta.jpg\" class=\"attachment-full size-full wp-post-image\" alt=\"\" loading=\"lazy\" srcset=\"https:\/\/www.tesra.cl\/wp-content\/uploads\/2025\/05\/portadaAntofagasta.jpg 1024w, https:\/\/www.tesra.cl\/wp-content\/uploads\/2025\/05\/portadaAntofagasta-300x225.jpg 300w, https:\/\/www.tesra.cl\/wp-content\/uploads\/2025\/05\/portadaAntofagasta-768x576.jpg 768w\" sizes=\"auto, (max-width: 1024px) 100vw, 1024px\" \/>\n        <\/div><\/a><div class=\"jkit-post-category position-left\"><span><a href=\"https:\/\/www.tesra.cl\/index.php\/category\/noticias\/\" class=\"category-noticias\">Noticias<\/a><\/span><\/div><\/div>\n                    <div class=\"jkit-postblock-content\"><h4 class=\"jkit-post-title\">\n\t\t\t\t\t\t\t<a href=\"https:\/\/www.tesra.cl\/index.php\/2025\/05\/24\/20-anos-trascendiendo-en-la-industria-minera\/\">20 A\u00f1os Trascendiendo en la Industria Minera<\/a>\n\t\t\t\t\t\t<\/h4><div class=\"jkit-post-excerpt\"><p>20 A\u00f1os Trascendiendo en la Industria Minera Mayo 24, 2025 Noticias Este a\u00f1o celebramos 20 a\u00f1os de historia. Dos d\u00e9cadas de evoluci\u00f3n constante, de enfrentar...<\/p><\/div><div class=\"jkit-post-meta-bottom\">\n\t\t\t\t\t\t\t<div class=\"jkit-meta-readmore icon-position-after\">\n                <a title=\"20 A\u00f1os Trascendiendo en la Industria Minera\" href=\"https:\/\/www.tesra.cl\/index.php\/2025\/05\/24\/20-anos-trascendiendo-en-la-industria-minera\/\" class=\"jkit-readmore\">Ver Noticia Completa<i aria-hidden=\"true\" class=\"jki jki-right-arrow-7\"><\/i><\/a>\n            <\/div>\n\t\t\t\t\t\t<\/div><\/div>\n                <\/article><article class=\"jkit-post post-2709 post type-post status-publish format-standard has-post-thumbnail hentry category-noticias\">\n                    <div class=\"jkit-thumb\"><a aria-label=\"Exitosa participaci\u00f3n en Hydroprocess 2022\" href=\"https:\/\/www.tesra.cl\/index.php\/2023\/12\/17\/exitosa-participacion-en-hydroprocess-2022\/\"><div class=\"thumbnail-container \">\n            <img loading=\"lazy\" decoding=\"async\" width=\"1340\" height=\"678\" src=\"https:\/\/www.tesra.cl\/wp-content\/uploads\/2023\/12\/Exitosa-participacion-en-Hydroprocess-2022-1.png\" class=\"attachment-full size-full wp-post-image\" alt=\"\" loading=\"lazy\" srcset=\"https:\/\/www.tesra.cl\/wp-content\/uploads\/2023\/12\/Exitosa-participacion-en-Hydroprocess-2022-1.png 1340w, https:\/\/www.tesra.cl\/wp-content\/uploads\/2023\/12\/Exitosa-participacion-en-Hydroprocess-2022-1-300x152.png 300w, https:\/\/www.tesra.cl\/wp-content\/uploads\/2023\/12\/Exitosa-participacion-en-Hydroprocess-2022-1-1024x518.png 1024w, https:\/\/www.tesra.cl\/wp-content\/uploads\/2023\/12\/Exitosa-participacion-en-Hydroprocess-2022-1-768x389.png 768w\" sizes=\"auto, (max-width: 1340px) 100vw, 1340px\" \/>\n        <\/div><\/a><div class=\"jkit-post-category position-left\"><span><a href=\"https:\/\/www.tesra.cl\/index.php\/category\/noticias\/\" class=\"category-noticias\">Noticias<\/a><\/span><\/div><\/div>\n                    <div class=\"jkit-postblock-content\"><h4 class=\"jkit-post-title\">\n\t\t\t\t\t\t\t<a href=\"https:\/\/www.tesra.cl\/index.php\/2023\/12\/17\/exitosa-participacion-en-hydroprocess-2022\/\">Exitosa participaci\u00f3n en Hydroprocess 2022<\/a>\n\t\t\t\t\t\t<\/h4><div class=\"jkit-post-excerpt\"><p>Exitosa participaci\u00f3n en Hydroprocess 2022 Diciembre 17, 2023 Noticias TESRA S.A\u00a0se hizo presente en\u00a0Hydroprocess\u00a02018 con la presentaci\u00f3n\u00a0\u00abResults of an Applied Methodology for the Optimization of...<\/p><\/div><div class=\"jkit-post-meta-bottom\">\n\t\t\t\t\t\t\t<div class=\"jkit-meta-readmore icon-position-after\">\n                <a title=\"Exitosa participaci\u00f3n en Hydroprocess 2022\" href=\"https:\/\/www.tesra.cl\/index.php\/2023\/12\/17\/exitosa-participacion-en-hydroprocess-2022\/\" class=\"jkit-readmore\">Ver Noticia Completa<i aria-hidden=\"true\" class=\"jki jki-right-arrow-7\"><\/i><\/a>\n            <\/div>\n\t\t\t\t\t\t<\/div><\/div>\n                <\/article><article class=\"jkit-post post-2681 post type-post status-publish format-standard has-post-thumbnail hentry category-noticias\">\n                    <div class=\"jkit-thumb\"><a aria-label=\"TESRA Participa de Misi\u00f3n comercial PROCHILE en Canad\u00e1.\" href=\"https:\/\/www.tesra.cl\/index.php\/2023\/12\/17\/tesra-participa-de-mision-comercial-prochile-en-canada\/\"><div class=\"thumbnail-container \">\n            <img loading=\"lazy\" decoding=\"async\" width=\"2560\" height=\"2257\" src=\"https:\/\/www.tesra.cl\/wp-content\/uploads\/2023\/12\/TESRA-Participa-de-Mision-comercial-PROCHILE-en-Canada.-1536x1355-1-1-scaled.jpg\" class=\"attachment-full size-full wp-post-image\" alt=\"\" loading=\"lazy\" srcset=\"https:\/\/www.tesra.cl\/wp-content\/uploads\/2023\/12\/TESRA-Participa-de-Mision-comercial-PROCHILE-en-Canada.-1536x1355-1-1-scaled.jpg 2560w, https:\/\/www.tesra.cl\/wp-content\/uploads\/2023\/12\/TESRA-Participa-de-Mision-comercial-PROCHILE-en-Canada.-1536x1355-1-1-300x264.jpg 300w, https:\/\/www.tesra.cl\/wp-content\/uploads\/2023\/12\/TESRA-Participa-de-Mision-comercial-PROCHILE-en-Canada.-1536x1355-1-1-1024x903.jpg 1024w, https:\/\/www.tesra.cl\/wp-content\/uploads\/2023\/12\/TESRA-Participa-de-Mision-comercial-PROCHILE-en-Canada.-1536x1355-1-1-768x677.jpg 768w, https:\/\/www.tesra.cl\/wp-content\/uploads\/2023\/12\/TESRA-Participa-de-Mision-comercial-PROCHILE-en-Canada.-1536x1355-1-1-1536x1354.jpg 1536w, https:\/\/www.tesra.cl\/wp-content\/uploads\/2023\/12\/TESRA-Participa-de-Mision-comercial-PROCHILE-en-Canada.-1536x1355-1-1-2048x1805.jpg 2048w\" sizes=\"auto, (max-width: 2560px) 100vw, 2560px\" \/>\n        <\/div><\/a><div class=\"jkit-post-category position-left\"><span><a href=\"https:\/\/www.tesra.cl\/index.php\/category\/noticias\/\" class=\"category-noticias\">Noticias<\/a><\/span><\/div><\/div>\n                    <div class=\"jkit-postblock-content\"><h4 class=\"jkit-post-title\">\n\t\t\t\t\t\t\t<a href=\"https:\/\/www.tesra.cl\/index.php\/2023\/12\/17\/tesra-participa-de-mision-comercial-prochile-en-canada\/\">TESRA Participa de Misi\u00f3n comercial PROCHILE en Canad\u00e1.<\/a>\n\t\t\t\t\t\t<\/h4><div class=\"jkit-post-excerpt\"><p>TESRA Participa de Misi\u00f3n comercial PROCHILE en Canad\u00e1. Diciembre 17, 2023 Noticias Con la participaci\u00f3n de una quincena de empresas de innovaci\u00f3n y desarrollo para...<\/p><\/div><div class=\"jkit-post-meta-bottom\">\n\t\t\t\t\t\t\t<div class=\"jkit-meta-readmore icon-position-after\">\n                <a title=\"TESRA Participa de Misi\u00f3n comercial PROCHILE en Canad\u00e1.\" href=\"https:\/\/www.tesra.cl\/index.php\/2023\/12\/17\/tesra-participa-de-mision-comercial-prochile-en-canada\/\" class=\"jkit-readmore\">Ver Noticia Completa<i aria-hidden=\"true\" class=\"jki jki-right-arrow-7\"><\/i><\/a>\n            <\/div>\n\t\t\t\t\t\t<\/div><\/div>\n                <\/article>\n        <\/div><\/div><\/div>\t\t\t\t<\/div>\n\t\t\t\t<\/div>\n\t\t\t\t\t<\/div>\n\t\t<\/div>\n\t\t\t\t\t<\/div>\n\t\t<\/section>\n\t\t\t\t\t<\/div>\n\t\t<\/div>\n\t\t\t\t\t<\/div>\n\t\t<\/section>\n\t\t\t\t<\/div>\n\t\t","protected":false},"excerpt":{"rendered":"<p>Noticias Hitos m\u00e1s importantes Explora los logros m\u00e1s destacados de nuestra empresa en la secci\u00f3n de noticias y destacados. edit post Noticias Exitosa participaci\u00f3n en Hydroprocess 2022 Exitosa participaci\u00f3n en Hydroprocess 2022 Diciembre 17, 2023 Noticias TESRA S.A\u00a0se hizo presente en\u00a0Hydroprocess\u00a02018 con la presentaci\u00f3n\u00a0\u00abResults of an Applied Methodology for the Optimization of&#8230; Ver Noticia Completa [&hellip;]<\/p>\n","protected":false},"author":1,"featured_media":0,"parent":0,"menu_order":0,"comment_status":"closed","ping_status":"closed","template":"elementor_header_footer","meta":{"_acf_changed":false,"_joinchat":[],"footnotes":""},"class_list":["post-2727","page","type-page","status-publish","hentry"],"acf":[],"_links":{"self":[{"href":"https:\/\/www.tesra.cl\/index.php\/wp-json\/wp\/v2\/pages\/2727","targetHints":{"allow":["GET"]}}],"collection":[{"href":"https:\/\/www.tesra.cl\/index.php\/wp-json\/wp\/v2\/pages"}],"about":[{"href":"https:\/\/www.tesra.cl\/index.php\/wp-json\/wp\/v2\/types\/page"}],"author":[{"embeddable":true,"href":"https:\/\/www.tesra.cl\/index.php\/wp-json\/wp\/v2\/users\/1"}],"replies":[{"embeddable":true,"href":"https:\/\/www.tesra.cl\/index.php\/wp-json\/wp\/v2\/comments?post=2727"}],"version-history":[{"count":5,"href":"https:\/\/www.tesra.cl\/index.php\/wp-json\/wp\/v2\/pages\/2727\/revisions"}],"predecessor-version":[{"id":3558,"href":"https:\/\/www.tesra.cl\/index.php\/wp-json\/wp\/v2\/pages\/2727\/revisions\/3558"}],"wp:attachment":[{"href":"https:\/\/www.tesra.cl\/index.php\/wp-json\/wp\/v2\/media?parent=2727"}],"curies":[{"name":"wp","href":"https:\/\/api.w.org\/{rel}","templated":true}]}}