{"id":3408,"date":"2024-07-04T06:06:13","date_gmt":"2024-07-04T09:06:13","guid":{"rendered":"https:\/\/www.tesra.cl\/?page_id=3408"},"modified":"2024-07-04T06:06:15","modified_gmt":"2024-07-04T09:06:15","slug":"herramientas-mecanicas","status":"publish","type":"page","link":"https:\/\/www.tesra.cl\/index.php\/herramientas-mecanicas\/","title":{"rendered":"Herramientas mec\u00e1nicas"},"content":{"rendered":"\t\t<div data-elementor-type=\"wp-page\" data-elementor-id=\"3408\" class=\"elementor elementor-3408\" data-elementor-post-type=\"page\">\n\t\t\t\t\t\t<section class=\"elementor-section elementor-top-section elementor-element elementor-element-1bed8e08 elementor-reverse-tablet elementor-section-boxed elementor-section-height-default elementor-section-height-default\" data-id=\"1bed8e08\" data-element_type=\"section\">\n\t\t\t\t\t\t<div class=\"elementor-container elementor-column-gap-default\">\n\t\t\t\t\t<div class=\"elementor-column elementor-col-50 elementor-top-column elementor-element elementor-element-52ebc9a6\" data-id=\"52ebc9a6\" data-element_type=\"column\">\n\t\t\t<div class=\"elementor-widget-wrap elementor-element-populated\">\n\t\t\t\t\t\t<div class=\"elementor-element elementor-element-328dca90 elementor-widget elementor-widget-heading\" data-id=\"328dca90\" data-element_type=\"widget\" data-widget_type=\"heading.default\">\n\t\t\t\t<div class=\"elementor-widget-container\">\n\t\t\t\t\t<h2 class=\"elementor-heading-title elementor-size-default\">HERRAMIENTAS MEC\u00c1NICAS<\/h2>\t\t\t\t<\/div>\n\t\t\t\t<\/div>\n\t\t\t\t<div class=\"elementor-element elementor-element-4d22c141 elementor-widget elementor-widget-text-editor\" data-id=\"4d22c141\" data-element_type=\"widget\" data-widget_type=\"text-editor.default\">\n\t\t\t\t<div class=\"elementor-widget-container\">\n\t\t\t\t\t\t\t\t\t<p>Si tu operaci\u00f3n tiene alguna necesidad de herramientas mec\u00e1nicas, tenemos el equipo. Nuestra gama de herramientas de torneado, tensores de pernos y herramientas manuales combina tecnolog\u00eda l\u00edder en la industria con la fiabilidad, precisi\u00f3n, rendimiento y eficiencia que son sin\u00f3nimos de los productos TESRA en todo el mundo. Nuestro avanzado equipo de herramientas mec\u00e1nicas hidr\u00e1ulicas son especializadas de manera r\u00e1pida y segura, mientras que el dise\u00f1o innovador de nuestra gama de calentadores de inducci\u00f3n permite un calentamiento eficiente de cojinetes y piezas de trabajo, sin importar su tama\u00f1o. Nuestras herramientas de torneado automatizan el proceso de rotaci\u00f3n del motor, mejorando significativamente la eficiencia de las inspecciones con boroscopios y ofreciendo ventajas materiales tanto para los propietarios como para los operadores.<\/p>\t\t\t\t\t\t\t\t<\/div>\n\t\t\t\t<\/div>\n\t\t\t\t<div class=\"elementor-element elementor-element-5ca2a3d elementor-widget-divider--view-line elementor-widget elementor-widget-divider\" data-id=\"5ca2a3d\" data-element_type=\"widget\" data-widget_type=\"divider.default\">\n\t\t\t\t<div class=\"elementor-widget-container\">\n\t\t\t\t\t\t\t<div class=\"elementor-divider\">\n\t\t\t<span class=\"elementor-divider-separator\">\n\t\t\t\t\t\t<\/span>\n\t\t<\/div>\n\t\t\t\t\t\t<\/div>\n\t\t\t\t<\/div>\n\t\t\t\t<div class=\"elementor-element elementor-element-a9bf7ce elementor-widget elementor-widget-heading\" data-id=\"a9bf7ce\" data-element_type=\"widget\" data-widget_type=\"heading.default\">\n\t\t\t\t<div class=\"elementor-widget-container\">\n\t\t\t\t\t<h6 class=\"elementor-heading-title elementor-size-small\">Algunos de nuestros productos<\/h6>\t\t\t\t<\/div>\n\t\t\t\t<\/div>\n\t\t\t\t<div class=\"elementor-element elementor-element-c93d620 elementor-arrows-position-outside e-transform e-transform elementor-widget elementor-widget-image-carousel\" data-id=\"c93d620\" data-element_type=\"widget\" id=\"carrusel\" data-settings=\"{&quot;slides_to_show&quot;:&quot;4&quot;,&quot;navigation&quot;:&quot;arrows&quot;,&quot;_transform_translateX_effect&quot;:{&quot;unit&quot;:&quot;px&quot;,&quot;size&quot;:0,&quot;sizes&quot;:[]},&quot;_transform_translateY_effect&quot;:{&quot;unit&quot;:&quot;px&quot;,&quot;size&quot;:0,&quot;sizes&quot;:[]},&quot;_transform_scale_effect&quot;:{&quot;unit&quot;:&quot;px&quot;,&quot;size&quot;:1,&quot;sizes&quot;:[]},&quot;autoplay&quot;:&quot;yes&quot;,&quot;pause_on_hover&quot;:&quot;yes&quot;,&quot;pause_on_interaction&quot;:&quot;yes&quot;,&quot;autoplay_speed&quot;:5000,&quot;infinite&quot;:&quot;yes&quot;,&quot;speed&quot;:500,&quot;_transform_translateX_effect_tablet&quot;:{&quot;unit&quot;:&quot;px&quot;,&quot;size&quot;:&quot;&quot;,&quot;sizes&quot;:[]},&quot;_transform_translateX_effect_mobile&quot;:{&quot;unit&quot;:&quot;px&quot;,&quot;size&quot;:&quot;&quot;,&quot;sizes&quot;:[]},&quot;_transform_translateY_effect_tablet&quot;:{&quot;unit&quot;:&quot;px&quot;,&quot;size&quot;:&quot;&quot;,&quot;sizes&quot;:[]},&quot;_transform_translateY_effect_mobile&quot;:{&quot;unit&quot;:&quot;px&quot;,&quot;size&quot;:&quot;&quot;,&quot;sizes&quot;:[]},&quot;_transform_scale_effect_tablet&quot;:{&quot;unit&quot;:&quot;px&quot;,&quot;size&quot;:&quot;&quot;,&quot;sizes&quot;:[]},&quot;_transform_scale_effect_mobile&quot;:{&quot;unit&quot;:&quot;px&quot;,&quot;size&quot;:&quot;&quot;,&quot;sizes&quot;:[]}}\" data-widget_type=\"image-carousel.default\">\n\t\t\t\t<div class=\"elementor-widget-container\">\n\t\t\t\t\t\t\t<div class=\"elementor-image-carousel-wrapper swiper\" role=\"region\" aria-roledescription=\"carousel\" aria-label=\"Carrusel de im\u00e1genes\" dir=\"ltr\">\n\t\t\t<div class=\"elementor-image-carousel swiper-wrapper\" aria-live=\"off\">\n\t\t\t\t\t\t\t\t<div class=\"swiper-slide\" role=\"group\" aria-roledescription=\"slide\" aria-label=\"1 de 15\"><figure class=\"swiper-slide-inner\"><img decoding=\"async\" class=\"swiper-slide-image\" src=\"https:\/\/www.tesra.cl\/wp-content\/uploads\/2024\/07\/Easy-Laser-E180-Belts-Sheaves-and-Pulleys-Alignment-Belt-Alignment.jpg\" alt=\"Easy-Laser E180 Belts, Sheaves and Pulleys Alignment Belt Alignment\" \/><\/figure><\/div><div class=\"swiper-slide\" role=\"group\" aria-roledescription=\"slide\" aria-label=\"2 de 15\"><figure class=\"swiper-slide-inner\"><img decoding=\"async\" class=\"swiper-slide-image\" src=\"https:\/\/www.tesra.cl\/wp-content\/uploads\/2024\/07\/Easy-Laser-XT190-Belt-Alignment.jpg\" alt=\"Easy-Laser XT190 Belt Alignment\" \/><\/figure><\/div><div class=\"swiper-slide\" role=\"group\" aria-roledescription=\"slide\" aria-label=\"3 de 15\"><figure class=\"swiper-slide-inner\"><img decoding=\"async\" class=\"swiper-slide-image\" src=\"https:\/\/www.tesra.cl\/wp-content\/uploads\/2024\/07\/Easy-Laser\u00ae-E710-Laser-Shaft-Alignment-System_img_1.jpg\" alt=\"Easy-Laser\u00ae E710 Laser Shaft Alignment System_img_1\" \/><\/figure><\/div><div class=\"swiper-slide\" role=\"group\" aria-roledescription=\"slide\" aria-label=\"4 de 15\"><figure class=\"swiper-slide-inner\"><img decoding=\"async\" class=\"swiper-slide-image\" src=\"https:\/\/www.tesra.cl\/wp-content\/uploads\/2024\/07\/Easy-Laser\u00ae-E720-Laser-Shaft-Alignment-System.jpg\" alt=\"Easy-Laser\u00ae E720 Laser Shaft Alignment System\" \/><\/figure><\/div><div class=\"swiper-slide\" role=\"group\" aria-roledescription=\"slide\" aria-label=\"5 de 15\"><figure class=\"swiper-slide-inner\"><img decoding=\"async\" class=\"swiper-slide-image\" src=\"https:\/\/www.tesra.cl\/wp-content\/uploads\/2024\/07\/Easy-Laser\u00ae-E920.jpg\" alt=\"Easy-Laser\u00ae E920\" \/><\/figure><\/div><div class=\"swiper-slide\" role=\"group\" aria-roledescription=\"slide\" aria-label=\"6 de 15\"><figure class=\"swiper-slide-inner\"><img decoding=\"async\" class=\"swiper-slide-image\" src=\"https:\/\/www.tesra.cl\/wp-content\/uploads\/2024\/07\/Easy-Laser\u00ae-XT440-Shaft-Alignment.jpg\" alt=\"Easy-Laser\u00ae XT440 Shaft Alignment\" \/><\/figure><\/div><div class=\"swiper-slide\" role=\"group\" aria-roledescription=\"slide\" aria-label=\"7 de 15\"><figure class=\"swiper-slide-inner\"><img decoding=\"async\" class=\"swiper-slide-image\" src=\"https:\/\/www.tesra.cl\/wp-content\/uploads\/2024\/07\/EASY-L1.jpg\" alt=\"EASY-L~1\" \/><\/figure><\/div><div class=\"swiper-slide\" role=\"group\" aria-roledescription=\"slide\" aria-label=\"8 de 15\"><figure class=\"swiper-slide-inner\"><img decoding=\"async\" class=\"swiper-slide-image\" src=\"https:\/\/www.tesra.cl\/wp-content\/uploads\/2024\/07\/Easy-Laser\u00ae-XT770-Shaft-Alignment.jpg\" alt=\"Easy-Laser\u00ae XT770 Shaft Alignment\" \/><\/figure><\/div><div class=\"swiper-slide\" role=\"group\" aria-roledescription=\"slide\" aria-label=\"9 de 15\"><figure class=\"swiper-slide-inner\"><img decoding=\"async\" class=\"swiper-slide-image\" src=\"https:\/\/www.tesra.cl\/wp-content\/uploads\/2024\/07\/Flange-Measurement-E910-915.jpg\" alt=\"Flange Measurement E910-915\" \/><\/figure><\/div><div class=\"swiper-slide\" role=\"group\" aria-roledescription=\"slide\" aria-label=\"10 de 15\"><figure class=\"swiper-slide-inner\"><img decoding=\"async\" class=\"swiper-slide-image\" src=\"https:\/\/www.tesra.cl\/wp-content\/uploads\/2024\/07\/Easy-Laser\u00ae-D90-BTA-Sheave-and-Pulley-Alignment.jpg\" alt=\"Easy-Laser\u00ae D90 BTA Sheave and Pulley Alignment\" \/><\/figure><\/div><div class=\"swiper-slide\" role=\"group\" aria-roledescription=\"slide\" aria-label=\"11 de 15\"><figure class=\"swiper-slide-inner\"><img decoding=\"async\" class=\"swiper-slide-image\" src=\"https:\/\/www.tesra.cl\/wp-content\/uploads\/2024\/07\/Easy-Laser\u00ae-D525-Shaft-Alignment-and-Measuring-Lazer-Alignment.jpg\" alt=\"Easy-Laser\u00ae D525 Shaft Alignment and Measuring Lazer Alignment\" \/><\/figure><\/div><div class=\"swiper-slide\" role=\"group\" aria-roledescription=\"slide\" aria-label=\"12 de 15\"><figure class=\"swiper-slide-inner\"><img decoding=\"async\" class=\"swiper-slide-image\" src=\"https:\/\/www.tesra.cl\/wp-content\/uploads\/2024\/07\/Easy-Laser\u00ae-E420-Laser-System-for-Shaft-Alignment.jpg\" alt=\"Easy-Laser\u00ae E420 Laser System for Shaft Alignment\" \/><\/figure><\/div><div class=\"swiper-slide\" role=\"group\" aria-roledescription=\"slide\" aria-label=\"13 de 15\"><figure class=\"swiper-slide-inner\"><img decoding=\"async\" class=\"swiper-slide-image\" src=\"https:\/\/www.tesra.cl\/wp-content\/uploads\/2024\/07\/Easy-Laser\u00ae-E540.jpg\" alt=\"Easy-Laser\u00ae E540\" \/><\/figure><\/div><div class=\"swiper-slide\" role=\"group\" aria-roledescription=\"slide\" aria-label=\"14 de 15\"><figure class=\"swiper-slide-inner\"><img decoding=\"async\" class=\"swiper-slide-image\" src=\"https:\/\/www.tesra.cl\/wp-content\/uploads\/2024\/07\/Easy-Laser\u00ae-XT660-Laser-Alignment.jpg\" alt=\"Easy-Laser\u00ae XT660 Laser Alignment\" \/><\/figure><\/div><div class=\"swiper-slide\" role=\"group\" aria-roledescription=\"slide\" aria-label=\"15 de 15\"><figure class=\"swiper-slide-inner\"><img decoding=\"async\" class=\"swiper-slide-image\" src=\"https:\/\/www.tesra.cl\/wp-content\/uploads\/2024\/07\/Rotalign-Ultra-IS-Laser-Shaft-Alignment.jpg\" alt=\"Rotalign Ultra IS Laser Shaft Alignment\" \/><\/figure><\/div>\t\t\t<\/div>\n\t\t\t\t\t\t\t\t\t\t\t\t<div class=\"elementor-swiper-button elementor-swiper-button-prev\" role=\"button\" tabindex=\"0\">\n\t\t\t\t\t\t<i aria-hidden=\"true\" class=\"eicon-chevron-left\"><\/i>\t\t\t\t\t<\/div>\n\t\t\t\t\t<div class=\"elementor-swiper-button elementor-swiper-button-next\" role=\"button\" tabindex=\"0\">\n\t\t\t\t\t\t<i aria-hidden=\"true\" class=\"eicon-chevron-right\"><\/i>\t\t\t\t\t<\/div>\n\t\t\t\t\n\t\t\t\t\t\t\t\t\t<\/div>\n\t\t\t\t\t\t<\/div>\n\t\t\t\t<\/div>\n\t\t\t\t<div class=\"elementor-element elementor-element-27462358 elementor-widget-divider--view-line elementor-widget elementor-widget-divider\" data-id=\"27462358\" data-element_type=\"widget\" data-widget_type=\"divider.default\">\n\t\t\t\t<div class=\"elementor-widget-container\">\n\t\t\t\t\t\t\t<div class=\"elementor-divider\">\n\t\t\t<span class=\"elementor-divider-separator\">\n\t\t\t\t\t\t<\/span>\n\t\t<\/div>\n\t\t\t\t\t\t<\/div>\n\t\t\t\t<\/div>\n\t\t\t\t\t<\/div>\n\t\t<\/div>\n\t\t\t\t<div class=\"elementor-column elementor-col-50 elementor-top-column elementor-element elementor-element-7100e283\" data-id=\"7100e283\" data-element_type=\"column\">\n\t\t\t<div class=\"elementor-widget-wrap elementor-element-populated\">\n\t\t\t\t\t\t<section class=\"elementor-section elementor-inner-section elementor-element elementor-element-66e916fb elementor-section-boxed elementor-section-height-default elementor-section-height-default\" data-id=\"66e916fb\" data-element_type=\"section\" data-settings=\"{&quot;background_background&quot;:&quot;classic&quot;}\">\n\t\t\t\t\t\t<div class=\"elementor-container elementor-column-gap-default\">\n\t\t\t\t\t<div class=\"elementor-column elementor-col-100 elementor-inner-column elementor-element elementor-element-5c036b22\" data-id=\"5c036b22\" data-element_type=\"column\">\n\t\t\t<div class=\"elementor-widget-wrap elementor-element-populated\">\n\t\t\t\t\t\t<div class=\"elementor-element elementor-element-5aaa5638 elementor-widget elementor-widget-jkit_heading\" data-id=\"5aaa5638\" data-element_type=\"widget\" data-widget_type=\"jkit_heading.default\">\n\t\t\t\t<div class=\"elementor-widget-container\">\n\t\t\t\t\t<div  class=\"jeg-elementor-kit jkit-heading  align- align-tablet- align-mobile- jeg_module___69f47d2f4b79c\" ><div class=\"heading-section-title  display-inline-block\"><h2 class=\"heading-title\">\u00a1Trabajemos juntos!<\/h2><\/div><\/div>\t\t\t\t<\/div>\n\t\t\t\t<\/div>\n\t\t\t\t<div class=\"elementor-element elementor-element-118f3a45 elementor-widget__width-inherit elementor-widget elementor-widget-jkit_button\" data-id=\"118f3a45\" data-element_type=\"widget\" data-widget_type=\"jkit_button.default\">\n\t\t\t\t<div class=\"elementor-widget-container\">\n\t\t\t\t\t<div  class=\"jeg-elementor-kit jkit-button  icon-position-before jeg_module__1_69f47d2f4c295\" ><a href=\"https:\/\/www.tesra.cl\/index.php\/contacto\/\" class=\"jkit-button-wrapper\">Cont\u00e1ctanos<\/a><\/div>\t\t\t\t<\/div>\n\t\t\t\t<\/div>\n\t\t\t\t\t<\/div>\n\t\t<\/div>\n\t\t\t\t\t<\/div>\n\t\t<\/section>\n\t\t\t\t<section class=\"elementor-section elementor-inner-section elementor-element elementor-element-ea02c76 elementor-section-boxed elementor-section-height-default elementor-section-height-default\" data-id=\"ea02c76\" data-element_type=\"section\" data-settings=\"{&quot;sticky&quot;:&quot;top&quot;,&quot;sticky_offset&quot;:120,&quot;sticky_parent&quot;:&quot;yes&quot;,&quot;sticky_on&quot;:[&quot;desktop&quot;,&quot;tablet&quot;,&quot;mobile&quot;],&quot;sticky_effects_offset&quot;:0,&quot;sticky_anchor_link_offset&quot;:0}\">\n\t\t\t\t\t\t<div class=\"elementor-container elementor-column-gap-default\">\n\t\t\t\t\t<div class=\"elementor-column elementor-col-100 elementor-inner-column elementor-element elementor-element-7589d00\" data-id=\"7589d00\" data-element_type=\"column\" data-settings=\"{&quot;background_background&quot;:&quot;classic&quot;}\">\n\t\t\t<div class=\"elementor-widget-wrap elementor-element-populated\">\n\t\t\t\t\t<div class=\"elementor-background-overlay\"><\/div>\n\t\t\t\t\t\t<div class=\"elementor-element elementor-element-2fd521d0 elementor-widget elementor-widget-heading\" data-id=\"2fd521d0\" data-element_type=\"widget\" data-widget_type=\"heading.default\">\n\t\t\t\t<div class=\"elementor-widget-container\">\n\t\t\t\t\t<h2 class=\"elementor-heading-title elementor-size-default\">Contacto Directo<\/h2>\t\t\t\t<\/div>\n\t\t\t\t<\/div>\n\t\t\t\t<div class=\"elementor-element elementor-element-1a45158c elementor-widget elementor-widget-text-editor\" data-id=\"1a45158c\" data-element_type=\"widget\" data-widget_type=\"text-editor.default\">\n\t\t\t\t<div class=\"elementor-widget-container\">\n\t\t\t\t\t\t\t\t\t<p>Haz clic en cualquiera de los links de enlace directo y nos comunicaremos enseguida.<\/p>\t\t\t\t\t\t\t\t<\/div>\n\t\t\t\t<\/div>\n\t\t\t\t<div class=\"elementor-element elementor-element-50db9793 jkit-equal-height-disable elementor-widget elementor-widget-jkit_icon_box\" data-id=\"50db9793\" data-element_type=\"widget\" data-widget_type=\"jkit_icon_box.default\">\n\t\t\t\t<div class=\"elementor-widget-container\">\n\t\t\t\t\t<div  class=\"jeg-elementor-kit jkit-icon-box icon-position-left elementor-animation- jeg_module__2_69f47d2f4de17\" ><a href=\"http:\/\/tel\/\/+5655945377\" class=\"icon-box-link\" aria-label=\"Read More\"><div class=\"jkit-icon-box-wrapper hover-from-left\"><div class=\"icon-box icon-box-header elementor-animation-\"><div class=\"icon style-color\"><i aria-hidden=\"true\" class=\"jki jki-phone-call2-light\"><\/i><\/div><\/div><div class=\"icon-box icon-box-body\">\n                <h3 class=\"title\">Tel\u00e9fono<\/h3><p class=\"icon-box-description\">(+56) 55 945377<\/p>\n            <\/div>\n            \n            <\/div><\/a><\/div>\t\t\t\t<\/div>\n\t\t\t\t<\/div>\n\t\t\t\t<div class=\"elementor-element elementor-element-b15b4d0 jkit-equal-height-disable elementor-widget elementor-widget-jkit_icon_box\" data-id=\"b15b4d0\" data-element_type=\"widget\" data-widget_type=\"jkit_icon_box.default\">\n\t\t\t\t<div class=\"elementor-widget-container\">\n\t\t\t\t\t<div  class=\"jeg-elementor-kit jkit-icon-box icon-position-left elementor-animation- jeg_module__3_69f47d2f4e2de\" ><a href=\"mailto:info@tesra.cl\" class=\"icon-box-link\" target=\"_blank\" aria-label=\"Read More\"><div class=\"jkit-icon-box-wrapper hover-from-left\"><div class=\"icon-box icon-box-header elementor-animation-\"><div class=\"icon style-color\"><i aria-hidden=\"true\" class=\"jki jki-email-light\"><\/i><\/div><\/div><div class=\"icon-box icon-box-body\">\n                <h3 class=\"title\">Email<\/h3><p class=\"icon-box-description\">info@tesra.cl<\/p>\n            <\/div>\n            \n            <\/div><\/a><\/div>\t\t\t\t<\/div>\n\t\t\t\t<\/div>\n\t\t\t\t\t<\/div>\n\t\t<\/div>\n\t\t\t\t\t<\/div>\n\t\t<\/section>\n\t\t\t\t\t<\/div>\n\t\t<\/div>\n\t\t\t\t\t<\/div>\n\t\t<\/section>\n\t\t\t\t<\/div>\n\t\t","protected":false},"excerpt":{"rendered":"<p>HERRAMIENTAS MEC\u00c1NICAS Si tu operaci\u00f3n tiene alguna necesidad de herramientas mec\u00e1nicas, tenemos el equipo. Nuestra gama de herramientas de torneado, tensores de pernos y herramientas manuales combina tecnolog\u00eda l\u00edder en la industria con la fiabilidad, precisi\u00f3n, rendimiento y eficiencia que son sin\u00f3nimos de los productos TESRA en todo el mundo. Nuestro avanzado equipo de herramientas [&hellip;]<\/p>\n","protected":false},"author":3,"featured_media":0,"parent":0,"menu_order":0,"comment_status":"closed","ping_status":"closed","template":"elementor_header_footer","meta":{"_acf_changed":false,"_joinchat":[],"footnotes":""},"class_list":["post-3408","page","type-page","status-publish","hentry"],"acf":[],"_links":{"self":[{"href":"https:\/\/www.tesra.cl\/index.php\/wp-json\/wp\/v2\/pages\/3408","targetHints":{"allow":["GET"]}}],"collection":[{"href":"https:\/\/www.tesra.cl\/index.php\/wp-json\/wp\/v2\/pages"}],"about":[{"href":"https:\/\/www.tesra.cl\/index.php\/wp-json\/wp\/v2\/types\/page"}],"author":[{"embeddable":true,"href":"https:\/\/www.tesra.cl\/index.php\/wp-json\/wp\/v2\/users\/3"}],"replies":[{"embeddable":true,"href":"https:\/\/www.tesra.cl\/index.php\/wp-json\/wp\/v2\/comments?post=3408"}],"version-history":[{"count":7,"href":"https:\/\/www.tesra.cl\/index.php\/wp-json\/wp\/v2\/pages\/3408\/revisions"}],"predecessor-version":[{"id":3430,"href":"https:\/\/www.tesra.cl\/index.php\/wp-json\/wp\/v2\/pages\/3408\/revisions\/3430"}],"wp:attachment":[{"href":"https:\/\/www.tesra.cl\/index.php\/wp-json\/wp\/v2\/media?parent=3408"}],"curies":[{"name":"wp","href":"https:\/\/api.w.org\/{rel}","templated":true}]}}